{"id":62035,"date":"2023-08-16T12:03:02","date_gmt":"2023-08-16T16:03:02","guid":{"rendered":"https:\/\/sustainablereview.com\/oceny-marek-modowych\/"},"modified":"2024-08-06T16:33:50","modified_gmt":"2024-08-06T20:33:50","slug":"oceny-marek-modowych","status":"publish","type":"page","link":"https:\/\/sustainablereview.com\/pl\/oceny-marek-modowych\/","title":{"rendered":"Oceny marek modowych"},"content":{"rendered":"\n<h4 class=\"wp-block-heading\">Popularne kategorie:  <\/h4>\n\n<style>\n\n    .buttonCatBrand {\n        background-color: #eee;\n        border: none;\n        color: black;\n        padding: 10px 22px;\n        text-align: center;\n        text-decoration: none;\n        display: inline-block;\n        font-size: 16px;\n        margin: 5px;\n        cursor: pointer;\n        transition: background-color 0.3s;\n        border-radius: 5px;\n    }\n    .buttonCatBrand:hover {\n        background-color: #ddd;\n    }\n    @media (max-width: 600px) {\n        .buttonCatBrand {\n            width: 100%;\n        }\n    }\n<\/style>\n\n<div>\n\n<a href=\"https:\/\/sustainablereview.com\/brand-categories\/dresses\/\" class=\"buttonCatBrand\">Sukienki<\/a>\n<a href=\"https:\/\/sustainablereview.com\/brand-categories\/shirts\/\" class=\"buttonCatBrand\">Koszule<\/a>\n<a href=\"https:\/\/sustainablereview.com\/brand-categories\/pants\/\" class=\"buttonCatBrand\">Spodnie<\/a>\n<a href=\"https:\/\/sustainablereview.com\/brand-categories\/tops-blouses\/\" class=\"buttonCatBrand\">Topy i bluzki<\/a>\n<a href=\"https:\/\/sustainablereview.com\/brand-categories\/skirts\/\" class=\"buttonCatBrand\">Sp\u00f3dnice<\/a>\n<a href=\"https:\/\/sustainablereview.com\/brand-categories\/hats\/\" class=\"buttonCatBrand\">Czapki<\/a>\n<a href=\"https:\/\/sustainablereview.com\/brand-categories\/sweaters\/\" class=\"buttonCatBrand\">Swetry<\/a>\n<a href=\"https:\/\/sustainablereview.com\/brand-categories\/denim\/\" class=\"buttonCatBrand\">Denim<\/a>\n<a href=\"https:\/\/sustainablereview.com\/brand-categories\/t-shirts\/\" class=\"buttonCatBrand\">Koszulki<\/a>\n<a href=\"https:\/\/sustainablereview.com\/brand-categories\/jackets-blazers\/\" class=\"buttonCatBrand\">Kurtki i blezery<\/a>\n<a href=\"https:\/\/sustainablereview.com\/brand-categories\/swimwear\/\" class=\"buttonCatBrand\">Stroje k\u0105pielowe<\/a>\n<a href=\"https:\/\/sustainablereview.com\/brand-categories\/hoodies-sweatshirts\/\" class=\"buttonCatBrand\">Bluzy z kapturem<\/a>\n<a href=\"https:\/\/sustainablereview.com\/brand-categories\/jewellery\/\" class=\"buttonCatBrand\">Bi\u017cuteria<\/a>\n<a href=\"https:\/\/sustainablereview.com\/brand-categories\/activewear\/\" class=\"buttonCatBrand\">Odzie\u017c sportowa<\/a>\n<a href=\"https:\/\/sustainablereview.com\/brand-categories\/scarves\/\" class=\"buttonCatBrand\">Szaliki<\/a>\n<a href=\"https:\/\/sustainablereview.com\/brand-categories\/backpacks\/\" class=\"buttonCatBrand\">Plecaki<\/a>\n<a href=\"https:\/\/sustainablereview.com\/brand-categories\/sneakers\/\" class=\"buttonCatBrand\">Trampki<\/a>\n<a href=\"https:\/\/sustainablereview.com\/brand-categories\/sportswear\/\" class=\"buttonCatBrand\">Odzie\u017c sportowa<\/a>\n\n<\/div>\n\n<div class=\"wp-block-query is-layout-flow wp-block-query-is-layout-flow\"><form role=\"search\" method=\"get\" action=\"https:\/\/sustainablereview.com\/pl\/\" class=\"wp-block-search__button-outside wp-block-search__text-button wp-block-search\"    ><label class=\"wp-block-search__label\" for=\"wp-block-search__input-1\" >Marka wyszukiwania:<\/label><div class=\"wp-block-search__inside-wrapper \" ><input class=\"wp-block-search__input\" id=\"wp-block-search__input-1\" placeholder=\"\" value=\"\" type=\"search\" name=\"s\" required \/><button aria-label=\"Wyszukiwanie\" class=\"wp-block-search__button wp-element-button\" type=\"submit\" >Wyszukiwanie<\/button><\/div><\/form>\n\n<\/div>\n\n<link href=\"https:\/\/cdnjs.cloudflare.com\/ajax\/libs\/font-awesome\/5.15.3\/css\/all.min.css\" rel=\"stylesheet\"\/>\n\n<style>\n\/* Style the button *\/\n.collapsible {\n  background-color: #f9f9f9;\n  color: #444;\n  cursor: pointer;\n  padding: 18px;\n  width: 100%;\n  border: none;\n  text-align: left;\n  outline: none;\n  font-size: 15px;\n  display:block;\n}\n\n\/* Add a background color to the button if it is clicked on (active) *\/\n.activeHWR, .collapsible:hover {\n  background-color: #ccc;\n}\n\n\/* Style the collapsible content *\/\n.content {\n  padding: 0 18px;\n  display: none;\n  overflow: hidden;\n  background-color: #f9f9f9;\n}\n<\/style>\n\n<strong><a href=\"https:\/\/sustainablereview.com\/pl\/jak-oceniamy-i-recenzujemy\/\" class=\"collapsible\"><i class=\"fas fa-question-circle\"><\/i>  Jak oceniamy<\/a><\/strong>\n\n\n<div class=\"wp-block-query brandArchive is-layout-flow wp-block-query-is-layout-flow\">\n\n\n<div style=\"height:30px\" aria-hidden=\"true\" class=\"wp-block-spacer\"><\/div>\n\n\n\n\n<div class=\"wp-block-query-no-results\">\n\n<p><\/p>\n\n<\/div><\/div>\n","protected":false},"excerpt":{"rendered":"<p>Popularne kategorie: Sukienki Koszule Spodnie Topy i bluzki Sp\u00f3dnice Czapki Swetry Denim Koszulki Kurtki i blezery Stroje k\u0105pielowe Bluzy z kapturem Bi\u017cuteria Odzie\u017c sportowa Szaliki Plecaki Trampki Odzie\u017c sportowa Jak oceniamy<\/p>\n","protected":false},"author":1502,"featured_media":0,"parent":0,"menu_order":0,"comment_status":"closed","ping_status":"closed","template":"page-templates\/full-small.php","meta":{"_acf_changed":false,"_monsterinsights_skip_tracking":false,"_monsterinsights_sitenote_active":false,"_monsterinsights_sitenote_note":"","_monsterinsights_sitenote_category":0,"footnotes":""},"acf":[],"yoast_head":"<!-- This site is optimized with the Yoast SEO plugin v23.2 - https:\/\/yoast.com\/wordpress\/plugins\/seo\/ -->\n<title>Oceny marek modowych &#8212; Sustainable Review<\/title>\n<meta name=\"description\" content=\"Odkryj nowe etyczne marki odzie\u017cowe. Poznaj wyniki wielu marek modowych w zakresie zr\u00f3wnowa\u017conego rozwoju. Zrozumienie ich wp\u0142ywu na ludzi, \u015brodowisko i zwierz\u0119ta.\" \/>\n<meta name=\"robots\" content=\"index, follow, max-snippet:-1, max-image-preview:large, max-video-preview:-1\" \/>\n<link rel=\"canonical\" href=\"https:\/\/sustainablereview.com\/pl\/oceny-marek-modowych\/\" \/>\n<meta property=\"og:locale\" content=\"pl_PL\" \/>\n<meta property=\"og:type\" content=\"article\" \/>\n<meta property=\"og:title\" content=\"Oceny marek modowych &#8212; Sustainable Review\" \/>\n<meta property=\"og:description\" content=\"Odkryj nowe etyczne marki odzie\u017cowe. Poznaj wyniki wielu marek modowych w zakresie zr\u00f3wnowa\u017conego rozwoju. Zrozumienie ich wp\u0142ywu na ludzi, \u015brodowisko i zwierz\u0119ta.\" \/>\n<meta property=\"og:url\" content=\"https:\/\/sustainablereview.com\/pl\/oceny-marek-modowych\/\" \/>\n<meta property=\"og:site_name\" content=\"Sustainable Review\" \/>\n<meta property=\"article:modified_time\" content=\"2024-08-06T20:33:50+00:00\" \/>\n<meta name=\"twitter:card\" content=\"summary_large_image\" \/>\n<meta name=\"twitter:site\" content=\"@sustainreview\" \/>\n<script type=\"application\/ld+json\" class=\"yoast-schema-graph\">{\"@context\":\"https:\/\/schema.org\",\"@graph\":[{\"@type\":\"WebPage\",\"@id\":\"https:\/\/sustainablereview.com\/pl\/oceny-marek-modowych\/\",\"url\":\"https:\/\/sustainablereview.com\/pl\/oceny-marek-modowych\/\",\"name\":\"Oceny marek modowych &#8212; Sustainable Review\",\"isPartOf\":{\"@id\":\"https:\/\/sustainablereview.com\/pl\/#website\"},\"datePublished\":\"2023-08-16T16:03:02+00:00\",\"dateModified\":\"2024-08-06T20:33:50+00:00\",\"description\":\"Odkryj nowe etyczne marki odzie\u017cowe. Poznaj wyniki wielu marek modowych w zakresie zr\u00f3wnowa\u017conego rozwoju. Zrozumienie ich wp\u0142ywu na ludzi, \u015brodowisko i zwierz\u0119ta.\",\"breadcrumb\":{\"@id\":\"https:\/\/sustainablereview.com\/pl\/oceny-marek-modowych\/#breadcrumb\"},\"inLanguage\":\"pl-PL\",\"potentialAction\":[{\"@type\":\"ReadAction\",\"target\":[\"https:\/\/sustainablereview.com\/pl\/oceny-marek-modowych\/\"]}]},{\"@type\":\"BreadcrumbList\",\"@id\":\"https:\/\/sustainablereview.com\/pl\/oceny-marek-modowych\/#breadcrumb\",\"itemListElement\":[{\"@type\":\"ListItem\",\"position\":1,\"name\":\"Strona g\u0142\u00f3wna\",\"item\":\"https:\/\/sustainablereview.com\/pl\/strona-glowna\/\"},{\"@type\":\"ListItem\",\"position\":2,\"name\":\"Oceny marek modowych\"}]},{\"@type\":\"WebSite\",\"@id\":\"https:\/\/sustainablereview.com\/pl\/#website\",\"url\":\"https:\/\/sustainablereview.com\/pl\/\",\"name\":\"Sustainable Review\",\"description\":\"Let us do the &#039;Green-splaining&#039;\",\"publisher\":{\"@id\":\"https:\/\/sustainablereview.com\/pl\/#organization\"},\"potentialAction\":[{\"@type\":\"SearchAction\",\"target\":{\"@type\":\"EntryPoint\",\"urlTemplate\":\"https:\/\/sustainablereview.com\/pl\/?s={search_term_string}\"},\"query-input\":\"required name=search_term_string\"}],\"inLanguage\":\"pl-PL\"},{\"@type\":\"Organization\",\"@id\":\"https:\/\/sustainablereview.com\/pl\/#organization\",\"name\":\"Sustainable Review\",\"url\":\"https:\/\/sustainablereview.com\/pl\/\",\"logo\":{\"@type\":\"ImageObject\",\"inLanguage\":\"pl-PL\",\"@id\":\"https:\/\/sustainablereview.com\/pl\/#\/schema\/logo\/image\/\",\"url\":\"https:\/\/sustainablereview.com\/wp-content\/uploads\/2020\/06\/static1.squarespace.png\",\"contentUrl\":\"https:\/\/sustainablereview.com\/wp-content\/uploads\/2020\/06\/static1.squarespace.png\",\"width\":800,\"height\":800,\"caption\":\"Sustainable Review\"},\"image\":{\"@id\":\"https:\/\/sustainablereview.com\/pl\/#\/schema\/logo\/image\/\"},\"sameAs\":[\"https:\/\/x.com\/sustainreview\"]}]}<\/script>\n<!-- \/ Yoast SEO plugin. -->","yoast_head_json":{"title":"Oceny marek modowych &#8212; Sustainable Review","description":"Odkryj nowe etyczne marki odzie\u017cowe. Poznaj wyniki wielu marek modowych w zakresie zr\u00f3wnowa\u017conego rozwoju. Zrozumienie ich wp\u0142ywu na ludzi, \u015brodowisko i zwierz\u0119ta.","robots":{"index":"index","follow":"follow","max-snippet":"max-snippet:-1","max-image-preview":"max-image-preview:large","max-video-preview":"max-video-preview:-1"},"canonical":"https:\/\/sustainablereview.com\/pl\/oceny-marek-modowych\/","og_locale":"pl_PL","og_type":"article","og_title":"Oceny marek modowych &#8212; Sustainable Review","og_description":"Odkryj nowe etyczne marki odzie\u017cowe. Poznaj wyniki wielu marek modowych w zakresie zr\u00f3wnowa\u017conego rozwoju. Zrozumienie ich wp\u0142ywu na ludzi, \u015brodowisko i zwierz\u0119ta.","og_url":"https:\/\/sustainablereview.com\/pl\/oceny-marek-modowych\/","og_site_name":"Sustainable Review","article_modified_time":"2024-08-06T20:33:50+00:00","twitter_card":"summary_large_image","twitter_site":"@sustainreview","schema":{"@context":"https:\/\/schema.org","@graph":[{"@type":"WebPage","@id":"https:\/\/sustainablereview.com\/pl\/oceny-marek-modowych\/","url":"https:\/\/sustainablereview.com\/pl\/oceny-marek-modowych\/","name":"Oceny marek modowych &#8212; Sustainable Review","isPartOf":{"@id":"https:\/\/sustainablereview.com\/pl\/#website"},"datePublished":"2023-08-16T16:03:02+00:00","dateModified":"2024-08-06T20:33:50+00:00","description":"Odkryj nowe etyczne marki odzie\u017cowe. Poznaj wyniki wielu marek modowych w zakresie zr\u00f3wnowa\u017conego rozwoju. Zrozumienie ich wp\u0142ywu na ludzi, \u015brodowisko i zwierz\u0119ta.","breadcrumb":{"@id":"https:\/\/sustainablereview.com\/pl\/oceny-marek-modowych\/#breadcrumb"},"inLanguage":"pl-PL","potentialAction":[{"@type":"ReadAction","target":["https:\/\/sustainablereview.com\/pl\/oceny-marek-modowych\/"]}]},{"@type":"BreadcrumbList","@id":"https:\/\/sustainablereview.com\/pl\/oceny-marek-modowych\/#breadcrumb","itemListElement":[{"@type":"ListItem","position":1,"name":"Strona g\u0142\u00f3wna","item":"https:\/\/sustainablereview.com\/pl\/strona-glowna\/"},{"@type":"ListItem","position":2,"name":"Oceny marek modowych"}]},{"@type":"WebSite","@id":"https:\/\/sustainablereview.com\/pl\/#website","url":"https:\/\/sustainablereview.com\/pl\/","name":"Sustainable Review","description":"Let us do the &#039;Green-splaining&#039;","publisher":{"@id":"https:\/\/sustainablereview.com\/pl\/#organization"},"potentialAction":[{"@type":"SearchAction","target":{"@type":"EntryPoint","urlTemplate":"https:\/\/sustainablereview.com\/pl\/?s={search_term_string}"},"query-input":"required name=search_term_string"}],"inLanguage":"pl-PL"},{"@type":"Organization","@id":"https:\/\/sustainablereview.com\/pl\/#organization","name":"Sustainable Review","url":"https:\/\/sustainablereview.com\/pl\/","logo":{"@type":"ImageObject","inLanguage":"pl-PL","@id":"https:\/\/sustainablereview.com\/pl\/#\/schema\/logo\/image\/","url":"https:\/\/sustainablereview.com\/wp-content\/uploads\/2020\/06\/static1.squarespace.png","contentUrl":"https:\/\/sustainablereview.com\/wp-content\/uploads\/2020\/06\/static1.squarespace.png","width":800,"height":800,"caption":"Sustainable Review"},"image":{"@id":"https:\/\/sustainablereview.com\/pl\/#\/schema\/logo\/image\/"},"sameAs":["https:\/\/x.com\/sustainreview"]}]}},"_links":{"self":[{"href":"https:\/\/sustainablereview.com\/pl\/wp-json\/wp\/v2\/pages\/62035"}],"collection":[{"href":"https:\/\/sustainablereview.com\/pl\/wp-json\/wp\/v2\/pages"}],"about":[{"href":"https:\/\/sustainablereview.com\/pl\/wp-json\/wp\/v2\/types\/page"}],"author":[{"embeddable":true,"href":"https:\/\/sustainablereview.com\/pl\/wp-json\/wp\/v2\/users\/1502"}],"replies":[{"embeddable":true,"href":"https:\/\/sustainablereview.com\/pl\/wp-json\/wp\/v2\/comments?post=62035"}],"version-history":[{"count":1,"href":"https:\/\/sustainablereview.com\/pl\/wp-json\/wp\/v2\/pages\/62035\/revisions"}],"predecessor-version":[{"id":62036,"href":"https:\/\/sustainablereview.com\/pl\/wp-json\/wp\/v2\/pages\/62035\/revisions\/62036"}],"wp:attachment":[{"href":"https:\/\/sustainablereview.com\/pl\/wp-json\/wp\/v2\/media?parent=62035"}],"curies":[{"name":"wp","href":"https:\/\/api.w.org\/{rel}","templated":true}]}}