{"id":62041,"date":"2023-08-16T12:03:02","date_gmt":"2023-08-16T16:03:02","guid":{"rendered":"https:\/\/sustainablereview.com\/avaliacoes-de-marcas-de-moda\/"},"modified":"2024-08-06T16:41:54","modified_gmt":"2024-08-06T20:41:54","slug":"avaliacoes-de-marcas-de-moda","status":"publish","type":"page","link":"https:\/\/sustainablereview.com\/pt-br\/avaliacoes-de-marcas-de-moda\/","title":{"rendered":"Avalia\u00e7\u00f5es de marcas de moda"},"content":{"rendered":"\n<h4 class=\"wp-block-heading\">Categorias populares:  <\/h4>\n\n<style>\n\n    .buttonCatBrand {\n        background-color: #eee;\n        border: none;\n        color: black;\n        padding: 10px 22px;\n        text-align: center;\n        text-decoration: none;\n        display: inline-block;\n        font-size: 16px;\n        margin: 5px;\n        cursor: pointer;\n        transition: background-color 0.3s;\n        border-radius: 5px;\n    }\n    .buttonCatBrand:hover {\n        background-color: #ddd;\n    }\n    @media (max-width: 600px) {\n        .buttonCatBrand {\n            width: 100%;\n        }\n    }\n<\/style>\n\n<div>\n\n<a href=\"https:\/\/sustainablereview.com\/brand-categories\/dresses\/\" class=\"buttonCatBrand\"><\/a><a href=\"https:\/\/sustainablereview.com\/brand-categories\/dresses\/\">Vestidos<\/a>\n<a href=\"https:\/\/sustainablereview.com\/brand-categories\/shirts\/\" class=\"buttonCatBrand\"><\/a><a href=\"https:\/\/sustainablereview.com\/brand-categories\/shirts\/\">Camisetas<\/a>\n<a href=\"https:\/\/sustainablereview.com\/brand-categories\/pants\/\" class=\"buttonCatBrand\"><\/a><a href=\"https:\/\/sustainablereview.com\/brand-categories\/pants\/\">Cal\u00e7as<\/a>\n<a href=\"https:\/\/sustainablereview.com\/brand-categories\/tops-blouses\/\" class=\"buttonCatBrand\"><\/a><a href=\"https:\/\/sustainablereview.com\/brand-categories\/tops-blouses\/\">Tops e blusas<\/a>\n<a href=\"https:\/\/sustainablereview.com\/brand-categories\/skirts\/\" class=\"buttonCatBrand\"><\/a><a href=\"https:\/\/sustainablereview.com\/brand-categories\/skirts\/\">Saias<\/a>\n<a href=\"https:\/\/sustainablereview.com\/brand-categories\/hats\/\" class=\"buttonCatBrand\"><\/a><a href=\"https:\/\/sustainablereview.com\/brand-categories\/hats\/\">Chap\u00e9us<\/a>\n<a href=\"https:\/\/sustainablereview.com\/brand-categories\/sweaters\/\" class=\"buttonCatBrand\"><\/a><a href=\"https:\/\/sustainablereview.com\/brand-categories\/sweaters\/\">Su\u00e9teres<\/a>\n<a href=\"https:\/\/sustainablereview.com\/brand-categories\/denim\/\" class=\"buttonCatBrand\"><\/a><a href=\"https:\/\/sustainablereview.com\/brand-categories\/denim\/\">Jeans<\/a>\n<a href=\"https:\/\/sustainablereview.com\/brand-categories\/t-shirts\/\" class=\"buttonCatBrand\"><\/a><a href=\"https:\/\/sustainablereview.com\/brand-categories\/t-shirts\/\">Camisetas<\/a>\n<a href=\"https:\/\/sustainablereview.com\/brand-categories\/jackets-blazers\/\" class=\"buttonCatBrand\"><\/a><a href=\"https:\/\/sustainablereview.com\/brand-categories\/jackets-blazers\/\">Jaquetas e blazers<\/a>\n<a href=\"https:\/\/sustainablereview.com\/brand-categories\/swimwear\/\" class=\"buttonCatBrand\"><\/a><a href=\"https:\/\/sustainablereview.com\/brand-categories\/swimwear\/\">Trajes de banho<\/a>\n<a href=\"https:\/\/sustainablereview.com\/brand-categories\/hoodies-sweatshirts\/\" class=\"buttonCatBrand\"><\/a><a href=\"https:\/\/sustainablereview.com\/brand-categories\/hoodies-sweatshirts\/\">Moletons e blusas de moletom<\/a>\n<a href=\"https:\/\/sustainablereview.com\/brand-categories\/jewellery\/\" class=\"buttonCatBrand\"><\/a><a href=\"https:\/\/sustainablereview.com\/brand-categories\/jewellery\/\">Joias<\/a>\n<a href=\"https:\/\/sustainablereview.com\/brand-categories\/activewear\/\" class=\"buttonCatBrand\"><\/a><a href=\"https:\/\/sustainablereview.com\/brand-categories\/activewear\/\">Roupas esportivas<\/a>\n<a href=\"https:\/\/sustainablereview.com\/brand-categories\/scarves\/\" class=\"buttonCatBrand\"><\/a><a href=\"https:\/\/sustainablereview.com\/brand-categories\/scarves\/\">Len\u00e7os<\/a>\n<a href=\"https:\/\/sustainablereview.com\/brand-categories\/backpacks\/\" class=\"buttonCatBrand\"><\/a><a href=\"https:\/\/sustainablereview.com\/brand-categories\/backpacks\/\">Mochilas<\/a>\n<a href=\"https:\/\/sustainablereview.com\/brand-categories\/sneakers\/\" class=\"buttonCatBrand\"><\/a><a href=\"https:\/\/sustainablereview.com\/brand-categories\/sneakers\/\">T\u00eanis<\/a>\n<a href=\"https:\/\/sustainablereview.com\/brand-categories\/sportswear\/\" class=\"buttonCatBrand\"><\/a><a href=\"https:\/\/sustainablereview.com\/brand-categories\/sportswear\/\">Roupas esportivas<\/a>\n\n<\/div>\n\n<div class=\"wp-block-query is-layout-flow wp-block-query-is-layout-flow\"><form role=\"search\" method=\"get\" action=\"https:\/\/sustainablereview.com\/pt-br\/\" class=\"wp-block-search__button-outside wp-block-search__text-button wp-block-search\"    ><label class=\"wp-block-search__label\" for=\"wp-block-search__input-1\" >Marca de pesquisa:<\/label><div class=\"wp-block-search__inside-wrapper \" ><input class=\"wp-block-search__input\" id=\"wp-block-search__input-1\" placeholder=\"\" value=\"\" type=\"search\" name=\"s\" required \/><button aria-label=\"Pesquisar\" class=\"wp-block-search__button wp-element-button\" type=\"submit\" >Pesquisar<\/button><\/div><\/form>\n\n<\/div>\n\n<link href=\"https:\/\/cdnjs.cloudflare.com\/ajax\/libs\/font-awesome\/5.15.3\/css\/all.min.css\" rel=\"stylesheet\"\/>\n\n<style>\n\/* Style the button *\/\n.collapsible {\n  background-color: #f9f9f9;\n  color: #444;\n  cursor: pointer;\n  padding: 18px;\n  width: 100%;\n  border: none;\n  text-align: left;\n  outline: none;\n  font-size: 15px;\n  display:block;\n}\n\n\/* Add a background color to the button if it is clicked on (active) *\/\n.activeHWR, .collapsible:hover {\n  background-color: #ccc;\n}\n\n\/* Style the collapsible content *\/\n.content {\n  padding: 0 18px;\n  display: none;\n  overflow: hidden;\n  background-color: #f9f9f9;\n}\n<\/style>\n\n<strong><a href=\"https:\/\/sustainablereview.com\/pt-br\/como-classificamos-e-avaliamos\/\" class=\"collapsible\"><i class=\"fas fa-question-circle\"><\/i>  Como avaliamos<\/a><\/strong>\n\n\n<div class=\"wp-block-query brandArchive is-layout-flow wp-block-query-is-layout-flow\">\n\n\n<div style=\"height:30px\" aria-hidden=\"true\" class=\"wp-block-spacer\"><\/div>\n\n\n\n\n<div class=\"wp-block-query-no-results\">\n\n<p><\/p>\n\n<\/div><\/div>\n","protected":false},"excerpt":{"rendered":"<p>Categorias populares: Vestidos Camisetas Cal\u00e7as Tops e blusas Saias Chap\u00e9us Su\u00e9teres Jeans Camisetas Jaquetas e blazers Trajes de banho Moletons e blusas de moletom Joias Roupas esportivas Len\u00e7os Mochilas T\u00eanis Roupas esportivas Como avaliamos<\/p>\n","protected":false},"author":1502,"featured_media":0,"parent":0,"menu_order":0,"comment_status":"closed","ping_status":"closed","template":"page-templates\/full-small.php","meta":{"_acf_changed":false,"_monsterinsights_skip_tracking":false,"_monsterinsights_sitenote_active":false,"_monsterinsights_sitenote_note":"","_monsterinsights_sitenote_category":0,"footnotes":""},"acf":[],"yoast_head":"<!-- This site is optimized with the Yoast SEO plugin v23.2 - https:\/\/yoast.com\/wordpress\/plugins\/seo\/ -->\n<title>Avalia\u00e7\u00f5es de marcas de moda &#8212; Sustainable Review<\/title>\n<meta name=\"description\" content=\"Descubra novas marcas de roupas \u00e9ticas. Explore as pontua\u00e7\u00f5es de sustentabilidade de v\u00e1rias marcas de moda. Entenda seus efeitos sobre os indiv\u00edduos, o meio ambiente e os animais.\" \/>\n<meta name=\"robots\" content=\"index, follow, max-snippet:-1, max-image-preview:large, max-video-preview:-1\" \/>\n<link rel=\"canonical\" href=\"https:\/\/sustainablereview.com\/pt-br\/avaliacoes-de-marcas-de-moda\/\" \/>\n<meta property=\"og:locale\" content=\"pt_BR\" \/>\n<meta property=\"og:type\" content=\"article\" \/>\n<meta property=\"og:title\" content=\"Avalia\u00e7\u00f5es de marcas de moda &#8212; Sustainable Review\" \/>\n<meta property=\"og:description\" content=\"Descubra novas marcas de roupas \u00e9ticas. Explore as pontua\u00e7\u00f5es de sustentabilidade de v\u00e1rias marcas de moda. Entenda seus efeitos sobre os indiv\u00edduos, o meio ambiente e os animais.\" \/>\n<meta property=\"og:url\" content=\"https:\/\/sustainablereview.com\/pt-br\/avaliacoes-de-marcas-de-moda\/\" \/>\n<meta property=\"og:site_name\" content=\"Sustainable Review\" \/>\n<meta property=\"article:modified_time\" content=\"2024-08-06T20:41:54+00:00\" \/>\n<meta name=\"twitter:card\" content=\"summary_large_image\" \/>\n<meta name=\"twitter:site\" content=\"@sustainreview\" \/>\n<script type=\"application\/ld+json\" class=\"yoast-schema-graph\">{\"@context\":\"https:\/\/schema.org\",\"@graph\":[{\"@type\":\"WebPage\",\"@id\":\"https:\/\/sustainablereview.com\/pt-br\/avaliacoes-de-marcas-de-moda\/\",\"url\":\"https:\/\/sustainablereview.com\/pt-br\/avaliacoes-de-marcas-de-moda\/\",\"name\":\"Avalia\u00e7\u00f5es de marcas de moda &#8212; Sustainable Review\",\"isPartOf\":{\"@id\":\"https:\/\/sustainablereview.com\/pt-br\/#website\"},\"datePublished\":\"2023-08-16T16:03:02+00:00\",\"dateModified\":\"2024-08-06T20:41:54+00:00\",\"description\":\"Descubra novas marcas de roupas \u00e9ticas. Explore as pontua\u00e7\u00f5es de sustentabilidade de v\u00e1rias marcas de moda. Entenda seus efeitos sobre os indiv\u00edduos, o meio ambiente e os animais.\",\"breadcrumb\":{\"@id\":\"https:\/\/sustainablereview.com\/pt-br\/avaliacoes-de-marcas-de-moda\/#breadcrumb\"},\"inLanguage\":\"pt-BR\",\"potentialAction\":[{\"@type\":\"ReadAction\",\"target\":[\"https:\/\/sustainablereview.com\/pt-br\/avaliacoes-de-marcas-de-moda\/\"]}]},{\"@type\":\"BreadcrumbList\",\"@id\":\"https:\/\/sustainablereview.com\/pt-br\/avaliacoes-de-marcas-de-moda\/#breadcrumb\",\"itemListElement\":[{\"@type\":\"ListItem\",\"position\":1,\"name\":\"In\u00edcio\",\"item\":\"https:\/\/sustainablereview.com\/pt-br\/inicio\/\"},{\"@type\":\"ListItem\",\"position\":2,\"name\":\"Avalia\u00e7\u00f5es de marcas de moda\"}]},{\"@type\":\"WebSite\",\"@id\":\"https:\/\/sustainablereview.com\/pt-br\/#website\",\"url\":\"https:\/\/sustainablereview.com\/pt-br\/\",\"name\":\"Sustainable Review\",\"description\":\"Let us do the &#039;Green-splaining&#039;\",\"publisher\":{\"@id\":\"https:\/\/sustainablereview.com\/pt-br\/#organization\"},\"potentialAction\":[{\"@type\":\"SearchAction\",\"target\":{\"@type\":\"EntryPoint\",\"urlTemplate\":\"https:\/\/sustainablereview.com\/pt-br\/?s={search_term_string}\"},\"query-input\":\"required name=search_term_string\"}],\"inLanguage\":\"pt-BR\"},{\"@type\":\"Organization\",\"@id\":\"https:\/\/sustainablereview.com\/pt-br\/#organization\",\"name\":\"Sustainable Review\",\"url\":\"https:\/\/sustainablereview.com\/pt-br\/\",\"logo\":{\"@type\":\"ImageObject\",\"inLanguage\":\"pt-BR\",\"@id\":\"https:\/\/sustainablereview.com\/pt-br\/#\/schema\/logo\/image\/\",\"url\":\"https:\/\/sustainablereview.com\/wp-content\/uploads\/2020\/06\/static1.squarespace.png\",\"contentUrl\":\"https:\/\/sustainablereview.com\/wp-content\/uploads\/2020\/06\/static1.squarespace.png\",\"width\":800,\"height\":800,\"caption\":\"Sustainable Review\"},\"image\":{\"@id\":\"https:\/\/sustainablereview.com\/pt-br\/#\/schema\/logo\/image\/\"},\"sameAs\":[\"https:\/\/x.com\/sustainreview\"]}]}<\/script>\n<!-- \/ Yoast SEO plugin. -->","yoast_head_json":{"title":"Avalia\u00e7\u00f5es de marcas de moda &#8212; Sustainable Review","description":"Descubra novas marcas de roupas \u00e9ticas. Explore as pontua\u00e7\u00f5es de sustentabilidade de v\u00e1rias marcas de moda. Entenda seus efeitos sobre os indiv\u00edduos, o meio ambiente e os animais.","robots":{"index":"index","follow":"follow","max-snippet":"max-snippet:-1","max-image-preview":"max-image-preview:large","max-video-preview":"max-video-preview:-1"},"canonical":"https:\/\/sustainablereview.com\/pt-br\/avaliacoes-de-marcas-de-moda\/","og_locale":"pt_BR","og_type":"article","og_title":"Avalia\u00e7\u00f5es de marcas de moda &#8212; Sustainable Review","og_description":"Descubra novas marcas de roupas \u00e9ticas. Explore as pontua\u00e7\u00f5es de sustentabilidade de v\u00e1rias marcas de moda. Entenda seus efeitos sobre os indiv\u00edduos, o meio ambiente e os animais.","og_url":"https:\/\/sustainablereview.com\/pt-br\/avaliacoes-de-marcas-de-moda\/","og_site_name":"Sustainable Review","article_modified_time":"2024-08-06T20:41:54+00:00","twitter_card":"summary_large_image","twitter_site":"@sustainreview","schema":{"@context":"https:\/\/schema.org","@graph":[{"@type":"WebPage","@id":"https:\/\/sustainablereview.com\/pt-br\/avaliacoes-de-marcas-de-moda\/","url":"https:\/\/sustainablereview.com\/pt-br\/avaliacoes-de-marcas-de-moda\/","name":"Avalia\u00e7\u00f5es de marcas de moda &#8212; Sustainable Review","isPartOf":{"@id":"https:\/\/sustainablereview.com\/pt-br\/#website"},"datePublished":"2023-08-16T16:03:02+00:00","dateModified":"2024-08-06T20:41:54+00:00","description":"Descubra novas marcas de roupas \u00e9ticas. Explore as pontua\u00e7\u00f5es de sustentabilidade de v\u00e1rias marcas de moda. Entenda seus efeitos sobre os indiv\u00edduos, o meio ambiente e os animais.","breadcrumb":{"@id":"https:\/\/sustainablereview.com\/pt-br\/avaliacoes-de-marcas-de-moda\/#breadcrumb"},"inLanguage":"pt-BR","potentialAction":[{"@type":"ReadAction","target":["https:\/\/sustainablereview.com\/pt-br\/avaliacoes-de-marcas-de-moda\/"]}]},{"@type":"BreadcrumbList","@id":"https:\/\/sustainablereview.com\/pt-br\/avaliacoes-de-marcas-de-moda\/#breadcrumb","itemListElement":[{"@type":"ListItem","position":1,"name":"In\u00edcio","item":"https:\/\/sustainablereview.com\/pt-br\/inicio\/"},{"@type":"ListItem","position":2,"name":"Avalia\u00e7\u00f5es de marcas de moda"}]},{"@type":"WebSite","@id":"https:\/\/sustainablereview.com\/pt-br\/#website","url":"https:\/\/sustainablereview.com\/pt-br\/","name":"Sustainable Review","description":"Let us do the &#039;Green-splaining&#039;","publisher":{"@id":"https:\/\/sustainablereview.com\/pt-br\/#organization"},"potentialAction":[{"@type":"SearchAction","target":{"@type":"EntryPoint","urlTemplate":"https:\/\/sustainablereview.com\/pt-br\/?s={search_term_string}"},"query-input":"required name=search_term_string"}],"inLanguage":"pt-BR"},{"@type":"Organization","@id":"https:\/\/sustainablereview.com\/pt-br\/#organization","name":"Sustainable Review","url":"https:\/\/sustainablereview.com\/pt-br\/","logo":{"@type":"ImageObject","inLanguage":"pt-BR","@id":"https:\/\/sustainablereview.com\/pt-br\/#\/schema\/logo\/image\/","url":"https:\/\/sustainablereview.com\/wp-content\/uploads\/2020\/06\/static1.squarespace.png","contentUrl":"https:\/\/sustainablereview.com\/wp-content\/uploads\/2020\/06\/static1.squarespace.png","width":800,"height":800,"caption":"Sustainable Review"},"image":{"@id":"https:\/\/sustainablereview.com\/pt-br\/#\/schema\/logo\/image\/"},"sameAs":["https:\/\/x.com\/sustainreview"]}]}},"_links":{"self":[{"href":"https:\/\/sustainablereview.com\/pt-br\/wp-json\/wp\/v2\/pages\/62041"}],"collection":[{"href":"https:\/\/sustainablereview.com\/pt-br\/wp-json\/wp\/v2\/pages"}],"about":[{"href":"https:\/\/sustainablereview.com\/pt-br\/wp-json\/wp\/v2\/types\/page"}],"author":[{"embeddable":true,"href":"https:\/\/sustainablereview.com\/pt-br\/wp-json\/wp\/v2\/users\/1502"}],"replies":[{"embeddable":true,"href":"https:\/\/sustainablereview.com\/pt-br\/wp-json\/wp\/v2\/comments?post=62041"}],"version-history":[{"count":1,"href":"https:\/\/sustainablereview.com\/pt-br\/wp-json\/wp\/v2\/pages\/62041\/revisions"}],"predecessor-version":[{"id":62042,"href":"https:\/\/sustainablereview.com\/pt-br\/wp-json\/wp\/v2\/pages\/62041\/revisions\/62042"}],"wp:attachment":[{"href":"https:\/\/sustainablereview.com\/pt-br\/wp-json\/wp\/v2\/media?parent=62041"}],"curies":[{"name":"wp","href":"https:\/\/api.w.org\/{rel}","templated":true}]}}